{"id":25985,"date":"2024-03-20T00:03:27","date_gmt":"2024-03-20T00:03:27","guid":{"rendered":"https:\/\/gabongeneraleservices.com\/?page_id=25985"},"modified":"2024-03-26T23:59:28","modified_gmt":"2024-03-26T22:59:28","slug":"politique-de-confidentialite","status":"publish","type":"page","link":"https:\/\/gabongeneraleservices.com\/index.php\/politique-de-confidentialite\/","title":{"rendered":"Politique de confidentialit\u00e9"},"content":{"rendered":"\t\t<div data-elementor-type=\"wp-page\" data-elementor-id=\"25985\" class=\"elementor elementor-25985\">\n\t\t\t\t<div class=\"elementor-element elementor-element-e719111 e-flex e-con-boxed e-con e-parent\" data-id=\"e719111\" data-element_type=\"container\" data-settings=\"{&quot;content_width&quot;:&quot;boxed&quot;}\" data-core-v316-plus=\"true\">\n\t\t\t\t\t<div class=\"e-con-inner\">\n\t\t\t\t<div class=\"elementor-element elementor-element-3bcd63d flex-horizontal-align-default flex-horizontal-align-tablet-default flex-horizontal-align-mobile-default flex-vertical-align-default flex-vertical-align-tablet-default flex-vertical-align-mobile-default elementor-widget elementor-widget-heading\" data-id=\"3bcd63d\" data-element_type=\"widget\" data-widget_type=\"heading.default\">\n\t\t\t\t<div class=\"elementor-widget-container\">\n\t\t\t<style>\/*! elementor - v3.19.0 - 07-02-2024 *\/\n.elementor-heading-title{padding:0;margin:0;line-height:1}.elementor-widget-heading .elementor-heading-title[class*=elementor-size-]>a{color:inherit;font-size:inherit;line-height:inherit}.elementor-widget-heading .elementor-heading-title.elementor-size-small{font-size:15px}.elementor-widget-heading .elementor-heading-title.elementor-size-medium{font-size:19px}.elementor-widget-heading .elementor-heading-title.elementor-size-large{font-size:29px}.elementor-widget-heading .elementor-heading-title.elementor-size-xl{font-size:39px}.elementor-widget-heading .elementor-heading-title.elementor-size-xxl{font-size:59px}<\/style><h2 class=\"elementor-heading-title elementor-size-default\">POLITIQUE DE CONFIDENTIALIT\u00c9<\/h2>\t\t<\/div>\n\t\t\t\t<\/div>\n\t\t\t\t<div class=\"elementor-element elementor-element-69d3e7a flex-horizontal-align-default flex-horizontal-align-tablet-default flex-horizontal-align-mobile-default flex-vertical-align-default flex-vertical-align-tablet-default flex-vertical-align-mobile-default elementor-widget elementor-widget-text-editor\" data-id=\"69d3e7a\" data-element_type=\"widget\" data-widget_type=\"text-editor.default\">\n\t\t\t\t<div class=\"elementor-widget-container\">\n\t\t\t<style>\/*! elementor - v3.19.0 - 07-02-2024 *\/\n.elementor-widget-text-editor.elementor-drop-cap-view-stacked .elementor-drop-cap{background-color:#69727d;color:#fff}.elementor-widget-text-editor.elementor-drop-cap-view-framed .elementor-drop-cap{color:#69727d;border:3px solid;background-color:transparent}.elementor-widget-text-editor:not(.elementor-drop-cap-view-default) .elementor-drop-cap{margin-top:8px}.elementor-widget-text-editor:not(.elementor-drop-cap-view-default) .elementor-drop-cap-letter{width:1em;height:1em}.elementor-widget-text-editor .elementor-drop-cap{float:left;text-align:center;line-height:1;font-size:50px}.elementor-widget-text-editor .elementor-drop-cap-letter{display:inline-block}<\/style>\t\t\t\t\t\t\t<div class=\"elementor-text-editor elementor-clearfix\">\r\n\t\t\t\t\t\t<p><a href=\"https:\/\/gabongeneraleservices.com\/\">www.gabongeneraleservices.com<\/a><\/p>\n<p>Type de site: Vitrine (services et catalogues)<\/p>\n<p>Ce site est h\u00e9berg\u00e9 par Hostinger,&nbsp;<span style=\"text-align: var(--text-align); box-sizing: inherit; color: #4b4f58; font-family: -apple-system, BlinkMacSystemFont, 'Segoe UI', Roboto, Oxygen-Sans, Ubuntu, Cantarell, 'Helvetica Neue', sans-serif; font-size: 15px;\">HOSTINGER, dont le sie\u0300ge social est situe\u0301 HOSTINGER INTERNATIONAL LTD, 61 Lordou Vironos Street, 6023 Larnaca, Chypre<\/span><span style=\"text-align: var(--text-align); box-sizing: inherit; color: #4b4f58; font-family: -apple-system, BlinkMacSystemFont, 'Segoe UI', Roboto, Oxygen-Sans, Ubuntu, Cantarell, 'Helvetica Neue', sans-serif; font-size: 14px;\">, joignable par le moyen suivant :<a style=\"box-sizing: inherit; text-decoration-line: underline; color: #0343e5; transition: all 0.2s linear 0s;\" href=\"https:\/\/www.hostinger.fr\/contact\" target=\"_blank\" rel=\"noopener\">https:\/\/www.hostinger.fr\/contact<\/a>.<\/span><\/p>\n<p class=\"MsoNormal\"><span lang=\"FR\">Le but de cette politique de confidentialit\u00e9<\/span><\/p>\n<p class=\"MsoNormal\"><span lang=\"FR\">Le but de cette politique de confidentialit\u00e9 est d&rsquo;informer les utilisateurs de notre site des donn\u00e9es personnelles que nous recueillerons ainsi que les informations suivantes, le cas \u00e9ch\u00e9ant :<\/span><\/p>\n<ol style=\"margin-top: 0cm;\" start=\"1\" type=\"1\">\n<li class=\"MsoNormal\"><span lang=\"FR\">Les donn\u00e9es personnelles que nous recueillerons<\/span><\/li>\n<li class=\"MsoNormal\">L\u2019utilisation des donn\u00e9es recueillies<\/li>\n<li class=\"MsoNormal\"><span lang=\"FR\">Qui a acc\u00e8s aux donn\u00e9es recueillies<\/span><\/li>\n<li class=\"MsoNormal\"><span lang=\"FR\">Les droits des utilisateurs du site<\/span><\/li>\n<li class=\"MsoNormal\"><span lang=\"FR\">La politique de cookies du site<\/span><\/li>\n<\/ol>\n<p class=\"MsoNormal\"><span lang=\"FR\">Cette politique de confidentialit\u00e9 fonctionne parall\u00e8lement aux conditions g\u00e9n\u00e9rales d\u2019utilisation de notre site.<\/span><\/p>\n<p class=\"MsoNormal\"><span lang=\"FR\">Lois applicables<\/span><\/p>\n<p class=\"MsoNormal\"><span lang=\"FR\">Conform\u00e9ment au R\u00e8glement g\u00e9n\u00e9ral sur la protection des donn\u00e9es (RGPD), cette politique de confidentialit\u00e9 est conforme aux r\u00e8glements suivants. <\/span>Les donn\u00e9es \u00e0 caract\u00e8re personnel doivent \u00eatre :<\/p>\n<ol style=\"margin-top: 0cm;\" start=\"1\" type=\"1\">\n<li class=\"MsoNormal\"><span lang=\"FR\">trait\u00e9es de mani\u00e8re licite, loyale et transparente au regard de la personne concern\u00e9e (licit\u00e9, loyaut\u00e9, transparence) ;<\/span><\/li>\n<li class=\"MsoNormal\"><span lang=\"FR\">collect\u00e9es pour des finalit\u00e9s d\u00e9termin\u00e9es, explicites et l\u00e9gitimes, et ne pas \u00eatre trait\u00e9es ult\u00e9rieurement d&rsquo;une mani\u00e8re incompatible avec ces finalit\u00e9s ;<\/span><\/li>\n<li class=\"MsoNormal\"><span lang=\"FR\">ad\u00e9quates, pertinentes et limit\u00e9es \u00e0 ce qui est n\u00e9cessaire au regard des finalit\u00e9s pour lesquelles elles sont trait\u00e9es (minimisation des donn\u00e9es) ;<\/span><\/li>\n<li class=\"MsoNormal\"><span lang=\"FR\">exactes et, si n\u00e9cessaire, tenues \u00e0 jour ; toutes les mesures raisonnables doivent \u00eatre prises pour que les donn\u00e9es \u00e0 caract\u00e8re personnel qui sont inexactes, eu \u00e9gard aux finalit\u00e9s pour lesquelles elles sont trait\u00e9es, soient effac\u00e9es ou rectifi\u00e9es sans tarder (exactitude) ;<\/span><\/li>\n<li class=\"MsoNormal\"><span lang=\"FR\">conserv\u00e9es sous une forme permettant l&rsquo;identification des personnes concern\u00e9es pendant une dur\u00e9e n&rsquo;exc\u00e9dant pas celle n\u00e9cessaire au regard des finalit\u00e9s pour lesquelles elles sont trait\u00e9es ;<\/span><\/li>\n<li class=\"MsoNormal\"><span lang=\"FR\">trait\u00e9es de fa\u00e7on \u00e0 garantir une s\u00e9curit\u00e9 appropri\u00e9e des donn\u00e9es \u00e0 caract\u00e8re personnel, y compris la protection contre le traitement non autoris\u00e9 ou illicite et contre la perte, la destruction ou les d\u00e9g\u00e2ts d&rsquo;origine accidentelle, \u00e0 l&rsquo;aide de mesures techniques ou organisationnelles appropri\u00e9es (int\u00e9grit\u00e9 et confidentialit\u00e9).<\/span><\/li>\n<\/ol>\n<p class=\"MsoNormal\"><span lang=\"FR\">Le traitement n&rsquo;est licite que si, et dans la mesure o\u00f9, au moins une des conditions suivantes est remplie :<\/span><\/p>\n<ol style=\"margin-top: 0cm;\" start=\"1\" type=\"1\">\n<li class=\"MsoNormal\"><span lang=\"FR\">la personne concern\u00e9e a consenti au traitement de ses donn\u00e9es \u00e0 caract\u00e8re personnel pour une ou plusieurs finalit\u00e9s sp\u00e9cifiques ;<\/span><\/li>\n<li class=\"MsoNormal\"><span lang=\"FR\">le traitement est n\u00e9cessaire \u00e0 l&rsquo;ex\u00e9cution d&rsquo;un contrat auquel la personne concern\u00e9e est partie ou \u00e0 l&rsquo;ex\u00e9cution de mesures pr\u00e9contractuelles prises \u00e0 la demande de celle-ci ;<\/span><\/li>\n<li class=\"MsoNormal\"><span lang=\"FR\">le traitement est n\u00e9cessaire au respect d&rsquo;une obligation l\u00e9gale \u00e0 laquelle le responsable du traitement est soumis ;<\/span><\/li>\n<li class=\"MsoNormal\"><span lang=\"FR\">le traitement est n\u00e9cessaire \u00e0 la sauvegarde des int\u00e9r\u00eats vitaux de la personne concern\u00e9e ou d&rsquo;une autre personne physique ;<\/span><\/li>\n<li class=\"MsoNormal\"><span lang=\"FR\">le traitement est n\u00e9cessaire \u00e0 l&rsquo;ex\u00e9cution d&rsquo;une mission d&rsquo;int\u00e9r\u00eat public ou relevant de l&rsquo;exercice de l&rsquo;autorit\u00e9 publique dont est investi le responsable du traitement ;<\/span><\/li>\n<li class=\"MsoNormal\"><span lang=\"FR\">le traitement est n\u00e9cessaire aux fins des int\u00e9r\u00eats l\u00e9gitimes poursuivis par le responsable du traitement ou par un tiers, \u00e0 moins que ne pr\u00e9valent les int\u00e9r\u00eats ou les libert\u00e9s et droits fondamentaux de la personne concern\u00e9e qui exigent une protection des donn\u00e9es \u00e0 caract\u00e8re personnel, notamment lorsque la personne concern\u00e9e est un enfant.<\/span><\/li>\n<\/ol>\n<p class=\"MsoNormal\"><span lang=\"FR\">Pour les r\u00e9sidents de l\u2019\u00c9tat de Californie, cette politique de confidentialit\u00e9 vise \u00e0 se conformer \u00e0 la California Consumer Privacy Act (CCPA). S&rsquo;il y a des incoh\u00e9rences entre ce document et la CCPA, la l\u00e9gislation de l\u2019\u00c9tat s\u2019appliquera. Si nous constatons des incoh\u00e9rences, nous modifierons notre politique pour nous conformer \u00e0 la loi pertinente.<\/span><\/p>\n<p class=\"MsoNormal\"><span lang=\"FR\">Consentement<\/span><\/p>\n<p class=\"MsoNormal\"><span lang=\"FR\">Les utilisateurs conviennent qu\u2019en utilisant notre site, ils consentent \u00e0 :<\/span><\/p>\n<ol style=\"margin-top: 0cm;\" start=\"1\" type=\"1\">\n<li class=\"MsoNormal\"><span lang=\"FR\">les conditions \u00e9nonc\u00e9es dans la pr\u00e9sente politique de confidentialit\u00e9 et<\/span><\/li>\n<li class=\"MsoNormal\"><span lang=\"FR\">la collecte, l\u2019utilisation et la conservation des donn\u00e9es \u00e9num\u00e9r\u00e9es dans la pr\u00e9sente politique.<\/span><\/li>\n<\/ol>\n<p class=\"MsoNormal\"><span lang=\"FR\">Donn\u00e9es personnelles que nous collectons<\/span><\/p>\n<p class=\"MsoNormal\"><span lang=\"FR\">Donn\u00e9es collect\u00e9es automatiquement<\/span><\/p>\n<p class=\"MsoNormal\"><span lang=\"FR\">Lorsque vous visitez et utilisez notre site, nous pouvons automatiquement recueillir et conserver les renseignements suivants :<\/span><\/p>\n<ol style=\"margin-top: 0cm;\" start=\"1\" type=\"1\">\n<li class=\"MsoNormal\"><span lang=\"FR\">Nous collectons l&rsquo;Email si le visiteur nous contacte via le site web et son t\u00e9l\u00e9phone s&rsquo;il nous appelle sur les num\u00e9ros pr\u00e9sents sur le site web.<\/span><\/li>\n<\/ol>\n<p class=\"MsoNormal\"><span lang=\"FR\">Donn\u00e9es recueillies de fa\u00e7on non automatique<\/span><\/p>\n<p class=\"MsoNormal\"><span lang=\"FR\">Nous pouvons \u00e9galement collecter les donn\u00e9es suivantes lorsque vous effectuez certaines fonctions sur notre site :<\/span><\/p>\n<ol style=\"margin-top: 0cm;\" start=\"1\" type=\"1\">\n<li class=\"MsoNormal\">Email<\/li>\n<li class=\"MsoNormal\">Num\u00e9ro de t\u00e9l\u00e9phone<\/li>\n<\/ol>\n<p class=\"MsoNormal\"><span lang=\"FR\">Ces donn\u00e9es peuvent \u00eatre recueillies au moyen des m\u00e9thodes suivantes :<\/span><\/p>\n<div class=\"MsoNormal\" style=\"text-align: center;\" align=\"center\">\n<hr style=\"color: #374151;\" align=\"center\" noshade=\"noshade\" size=\"0\" width=\"100%\">\n<\/div>\n<p class=\"MsoNormal\"><span lang=\"FR\">Veuillez noter que nous ne collectons que les donn\u00e9es qui nous aident \u00e0 atteindre l\u2019objectif \u00e9nonc\u00e9 dans cette politique de confidentialit\u00e9. Nous ne recueillerons pas de donn\u00e9es suppl\u00e9mentaires sans vous en informer au pr\u00e9alable.<\/span><\/p>\n<p class=\"MsoNormal\"><span lang=\"FR\">Comment nous utilisons les donn\u00e9es personnelles<\/span><\/p>\n<p class=\"MsoNormal\"><span lang=\"FR\">Les donn\u00e9es personnelles recueillies sur notre site seront utilis\u00e9es uniquement aux fins pr\u00e9cis\u00e9es dans la pr\u00e9sente politique ou indiqu\u00e9es sur les pages pertinentes de notre site. Nous n\u2019utiliserons pas vos donn\u00e9es au-del\u00e0 de ce que nous divulguerons.<\/span><\/p>\n<p class=\"MsoNormal\"><span lang=\"FR\">Les donn\u00e9es que nous recueillons automatiquement sont utilis\u00e9es aux fins suivantes :<\/span><\/p>\n<ol style=\"margin-top: 0cm;\" start=\"1\" type=\"1\">\n<li class=\"MsoNormal\"><span lang=\"FR\">Les informations collect\u00e9es servent uniquement \u00e0 communiquer avec le visiteur qui nous contacte ou nous envoie un email.<\/span><\/li>\n<\/ol>\n<p class=\"MsoNormal\"><span lang=\"FR\">Les donn\u00e9es que nous recueillons lorsque l\u2019utilisateur ex\u00e9cute certaines fonctions peuvent \u00eatre utilis\u00e9es aux fins suivantes :<\/span><\/p>\n<div class=\"MsoNormal\" style=\"text-align: center;\" align=\"center\">\n<hr style=\"color: #374151;\" align=\"center\" noshade=\"noshade\" size=\"0\" width=\"100%\">\n<\/div>\n<p class=\"MsoNormal\"><span lang=\"FR\">Avec qui nous partageons les donn\u00e9es personnelles<\/span><\/p>\n<p class=\"MsoNormal\"><span lang=\"FR\">Employ\u00e9s<\/span><\/p>\n<p class=\"MsoNormal\"><span lang=\"FR\">Nous pouvons divulguer \u00e0 tout membre de notre organisation les donn\u00e9es utilisateur dont il a raisonnablement besoin pour r\u00e9aliser les objectifs \u00e9nonc\u00e9s dans la pr\u00e9sente politique.<\/span><\/p>\n<p class=\"MsoNormal\"><span lang=\"FR\">Tiers parties<\/span><\/p>\n<p class=\"MsoNormal\"><span lang=\"FR\">Nous pouvons partager les donn\u00e9es utilisateur avec les tiers suivants : Nous pouvons partager les donn\u00e9es utilisateur avec des tiers aux fins suivantes : Les tiers ne seront pas en mesure d\u2019acc\u00e9der aux donn\u00e9es des utilisateurs au-del\u00e0 de ce qui est raisonnablement n\u00e9cessaire pour atteindre l\u2019objectif donn\u00e9.<\/span><\/p>\n<p class=\"MsoNormal\"><span lang=\"FR\">Autres divulgations<\/span><\/p>\n<p class=\"MsoNormal\"><span lang=\"FR\">Nous nous engageons \u00e0 ne pas vendre ou partager vos donn\u00e9es avec des tiers, sauf dans les cas suivants :<\/span><\/p>\n<ol style=\"margin-top: 0cm;\" start=\"1\" type=\"1\">\n<li class=\"MsoNormal\">si la loi l&rsquo;exige<\/li>\n<li class=\"MsoNormal\"><span lang=\"FR\">si elle est requise pour toute proc\u00e9dure judiciaire<\/span><\/li>\n<li class=\"MsoNormal\"><span lang=\"FR\">pour prouver ou prot\u00e9ger nos droits l\u00e9gaux<\/span><\/li>\n<li class=\"MsoNormal\"><span lang=\"FR\">\u00e0 des acheteurs ou des acheteurs potentiels de cette soci\u00e9t\u00e9 dans le cas o\u00f9 nous cherchons \u00e0 la vendre la soci\u00e9t\u00e9<\/span><\/li>\n<\/ol>\n<p class=\"MsoNormal\"><span lang=\"FR\">Si vous suivez des hyperliens de notre site vers un autre site, veuillez noter que nous ne sommes pas responsables et n&rsquo;avons pas de contr\u00f4le sur leurs politiques et pratiques de confidentialit\u00e9.<\/span><\/p>\n<p class=\"MsoNormal\"><span lang=\"FR\">Combien de temps nous conservons vos donn\u00e9es<\/span><\/p>\n<p class=\"MsoNormal\"><span lang=\"FR\">Les donn\u00e9es utilisateur ne seront pas conserv\u00e9es plus longtemps qu\u2019il n\u2019est n\u00e9cessaire pour atteindre les objectifs pour lesquels elles sont collect\u00e9es.<\/span><\/p>\n<p class=\"MsoNormal\"><span lang=\"FR\">Mises \u00e0 jour de cette politique<\/span><\/p>\n<p class=\"MsoNormal\"><span lang=\"FR\">Nous nous r\u00e9servons le droit de modifier cette politique de confidentialit\u00e9 \u00e0 tout moment. Les modifications et les clarifications prendront effet imm\u00e9diatement d\u00e8s leur publication sur le site web. Si nous apportons des changements importants \u00e0 cette politique, nous vous informerons ici qu&rsquo;elle a \u00e9t\u00e9 mise \u00e0 jour, afin que vous sachiez quelles informations nous recueillons, comment nous les utilisons et dans quelles circonstances, le cas \u00e9ch\u00e9ant, nous les utilisons et\/ou les divulguons.<\/span><\/p>\n<p class=\"MsoNormal\"><span lang=\"FR\">Si notre site est acquis ou fusionn\u00e9 avec une autre entreprise, vos informations peuvent \u00eatre transf\u00e9r\u00e9es aux nouveaux propri\u00e9taires afin que nous puissions continuer \u00e0 vendre des produits \u00e0 vous.<\/span><\/p>\n<p class=\"MsoNormal\"><span lang=\"FR\">Questions et informations de contact<\/span><\/p>\n<p class=\"MsoNormal\"><span lang=\"FR\">Si vous souhaitez acc\u00e9der, corriger, modifier ou supprimer vos donn\u00e9es personnelles, ou si vous avez des questions concernant cette politique de confidentialit\u00e9, veuillez nous contacter \u00e0 l&rsquo;adresse e-mail suivante : contact@gabongeneraleservices.com.<\/span><\/p>\n<p><\/p>\n<p class=\"MsoNormal\"><span lang=\"FR\">[Fin de la politique de confidentialit\u00e9]<\/span><\/p>\t\t\t\t\t\t\t<\/div>\r\n\t\t\t\t\t\t\t\t<\/div>\n\t\t\t\t<\/div>\n\t\t\t\t\t<\/div>\n\t\t\t\t<\/div>\n\t\t\t\t<\/div>\n\t\t","protected":false},"excerpt":{"rendered":"<p>POLITIQUE DE CONFIDENTIALIT\u00c9 www.gabongeneraleservices.com Type de site: Vitrine (services et catalogues) Ce site est h\u00e9berg\u00e9 par Hostinger,&nbsp;HOSTINGER, dont le sie\u0300ge&#8230;<\/p>\n","protected":false},"author":1,"featured_media":0,"parent":0,"menu_order":0,"comment_status":"closed","ping_status":"closed","template":"page-fullwidth.php","meta":{"om_disable_all_campaigns":false,"_monsterinsights_skip_tracking":false,"_monsterinsights_sitenote_active":false,"_monsterinsights_sitenote_note":"","_monsterinsights_sitenote_category":0,"footnotes":""},"aioseo_notices":[],"_links":{"self":[{"href":"https:\/\/gabongeneraleservices.com\/index.php\/wp-json\/wp\/v2\/pages\/25985"}],"collection":[{"href":"https:\/\/gabongeneraleservices.com\/index.php\/wp-json\/wp\/v2\/pages"}],"about":[{"href":"https:\/\/gabongeneraleservices.com\/index.php\/wp-json\/wp\/v2\/types\/page"}],"author":[{"embeddable":true,"href":"https:\/\/gabongeneraleservices.com\/index.php\/wp-json\/wp\/v2\/users\/1"}],"replies":[{"embeddable":true,"href":"https:\/\/gabongeneraleservices.com\/index.php\/wp-json\/wp\/v2\/comments?post=25985"}],"version-history":[{"count":14,"href":"https:\/\/gabongeneraleservices.com\/index.php\/wp-json\/wp\/v2\/pages\/25985\/revisions"}],"predecessor-version":[{"id":26357,"href":"https:\/\/gabongeneraleservices.com\/index.php\/wp-json\/wp\/v2\/pages\/25985\/revisions\/26357"}],"wp:attachment":[{"href":"https:\/\/gabongeneraleservices.com\/index.php\/wp-json\/wp\/v2\/media?parent=25985"}],"curies":[{"name":"wp","href":"https:\/\/api.w.org\/{rel}","templated":true}]}}